{"id":1087,"date":"2020-11-04T09:56:20","date_gmt":"2020-11-04T08:56:20","guid":{"rendered":"https:\/\/galm-murtensee.ch\/datenschutzerklaerung\/"},"modified":"2021-05-27T14:53:37","modified_gmt":"2021-05-27T12:53:37","slug":"politique-de-confidentialite","status":"publish","type":"page","link":"https:\/\/galm-murtensee.ch\/fr\/politique-de-confidentialite\/","title":{"rendered":"Politique de confidentialit\u00e9"},"content":{"rendered":"\n<style type=\"text\/css\" data-created_by=\"avia_inline_auto\" id=\"style-css-av-7d35-0eeb36a7aab1c867586d7e114e37fc85\">\n.flex_column.av-7d35-0eeb36a7aab1c867586d7e114e37fc85{\nborder-radius:0px 0px 0px 0px;\npadding:0px 0px 0px 0px;\n}\n<\/style>\n<div  class='flex_column av-7d35-0eeb36a7aab1c867586d7e114e37fc85 av_one_fifth  avia-builder-el-0  el_before_av_three_fifth  avia-builder-el-first  first flex_column_div av-zero-column-padding  '     ><\/div>\n\n<style type=\"text\/css\" data-created_by=\"avia_inline_auto\" id=\"style-css-av-4ykf-5c1ec073efdddef835ff2b5287c1140f\">\n.flex_column.av-4ykf-5c1ec073efdddef835ff2b5287c1140f{\nborder-radius:0px 0px 0px 0px;\npadding:0px 0px 0px 0px;\n}\n<\/style>\n<div  class='flex_column av-4ykf-5c1ec073efdddef835ff2b5287c1140f av_three_fifth  avia-builder-el-1  el_after_av_one_fifth  el_before_av_one_fifth  flex_column_div av-zero-column-padding  '     ><p>\n<style type=\"text\/css\" data-created_by=\"avia_inline_auto\" id=\"style-css-av-kl2gfvcx-a875686de2ebf35fdbccf1c22c7a0c27\">\n#top .av-special-heading.av-kl2gfvcx-a875686de2ebf35fdbccf1c22c7a0c27{\nmargin:0 0 0 0;\npadding-bottom:10px;\n}\nbody .av-special-heading.av-kl2gfvcx-a875686de2ebf35fdbccf1c22c7a0c27 .av-special-heading-tag .heading-char{\nfont-size:25px;\n}\n.av-special-heading.av-kl2gfvcx-a875686de2ebf35fdbccf1c22c7a0c27 .av-subheading{\nfont-size:15px;\n}\n<\/style>\n<div  class='av-special-heading av-kl2gfvcx-a875686de2ebf35fdbccf1c22c7a0c27 av-special-heading-h2 blockquote modern-quote  avia-builder-el-2  el_before_av_textblock  avia-builder-el-first '><h2 class='av-special-heading-tag '  itemprop=\"headline\"  >Politique de confidentialit\u00e9<\/h2><div class=\"special-heading-border\"><div class=\"special-heading-inner-border\"><\/div><\/div><\/div><br \/>\n<section  class='av_textblock_section av-kl2gc0as-118ab2fe58f1c71fe5d13363c56e5219 '   itemscope=\"itemscope\" itemtype=\"https:\/\/schema.org\/CreativeWork\" ><div class='avia_textblock'  itemprop=\"text\" ><p>Forst Galm Murtensee respecte la vie priv\u00e9e des utilisateurs de son site web et la s\u00e9curit\u00e9 de leurs informations personnelles.<br \/>\nCette politique de confidentialit\u00e9 d\u00e9crit les principes d\u2019utilisation des donn\u00e9es personnelles que vous nous fournissez. En utilisant ce site web, vous acceptez cette utilisation. Nous vous encourageons \u00e0 lire attentivement cette politique de confidentialit\u00e9. Tout litige relatif \u00e0 la confidentialit\u00e9 est soumis \u00e0 la pr\u00e9sente politique, aux avis de collecte de donn\u00e9es int\u00e9gr\u00e9s \u00e0 ce site web et aux dispositions du droit suisse.<\/p>\n<p>Nous pouvons modifier notre politique de confidentialit\u00e9 \u00e0 tout moment. Nous vous encourageons donc \u00e0 consulter occasionnellement cette politique de confidentialit\u00e9 pour vous assurer que vous \u00eates au courant de la version la plus r\u00e9cente, qui s\u2019appliquera chaque fois que vous acc\u00e9derez \u00e0 ce site web.<\/p>\n<p><strong>DESCRIPTION DE DES INFORMATIONS COLLECTER\u00a0<\/strong><\/p>\n<p><strong>Informations personnelles<\/strong><br \/>\nLorsque vous utilisez ce site web ou remplissez un formulaire en ligne, nous recueillons des informations personnelles telles que votre nom et pr\u00e9nom, votre adresse \u00e9lectronique, votre num\u00e9ro de t\u00e9l\u00e9phone, votre pays de r\u00e9sidence et toute autre information que vous nous fournissez volontairement. Lorsque vous nous contactez, nous nous r\u00e9servons le droit de conserver un enregistrement de cette correspondance. En soumettant des informations personnelles, vous acceptez que nous utilisions ces informations comme d\u00e9fini dans la pr\u00e9sente politique de confidentialit\u00e9.<\/p>\n<p>En ce qui concerne les courriels automatis\u00e9s que vous pouvez recevoir, vous pouvez vous \u201cd\u00e9sinscrire\u201d \u00e0 tout moment, un lien pour le faire se trouve au bas de chaque courriel.<\/p>\n<p><strong>Cookies<\/strong><br \/>\nCe site web utilise des cookies. Un cookie est un petit fichier contenant des lettres et des chiffres qui est t\u00e9l\u00e9charg\u00e9 sur votre ordinateur lorsque vous acc\u00e9dez et utilisez ce site web. Les cookies utilis\u00e9s sur ce site web sont des cookies \u201canalytiques\u201d.<br \/>\nLes cookies analytiques collectent des informations sur les visiteurs de notre site web afin que nous puissions compter le nombre de visiteurs et voir comment ils utilisent le site web : Cela nous permet d\u2019am\u00e9liorer le fonctionnement de notre site web. Les cookies analytiques utilis\u00e9s sur ce site web sont non intrusifs et ne collectent que des informations anonymes.<\/p>\n<p><strong>COMMENT NOUS UTILISONS VOS INFORMATIONS<\/strong><\/p>\n<p>Lorsque nous avons recueilli des informations personnelles vous concernant (par exemple, parce que vous nous avez contact\u00e9s par le biais du site web), nous stockons et utilisons ces informations conform\u00e9ment \u00e0 la pr\u00e9sente politique de confidentialit\u00e9 et dans le respect des lois, r\u00e8gles et r\u00e9glementations applicables.En soumettant vos donn\u00e9es \u00e0 ce site web, vous acceptez qu\u2019elles soient utilis\u00e9es de la mani\u00e8re suivante :<\/p>\n<p>Vos informations seront stock\u00e9es dans notre base de donn\u00e9es s\u00e9curis\u00e9e. Nous utilisons des mesures de s\u00e9curit\u00e9 techniques appropri\u00e9es pour prot\u00e9ger vos donn\u00e9es personnelles et veiller \u00e0 ce qu\u2019elles ne soient pas accessibles aux personnes non autoris\u00e9es.<\/p>\n<p><strong>COMMUNICATIONS FUTURES DE NOTRE PART<\/strong><\/p>\n<p>Nous ne vous contacterons que pour vous fournir des informations sur nos produits, nos services ou ceux d\u2019autres entreprises avec lesquelles nous sommes partenaires.<\/p>\n<p><strong>ACC\u00c8S ET CORRECTIONS<\/strong><\/p>\n<p>Si nous traitons vos donn\u00e9es personnelles, vous avez le droit, en vertu de la loi suisse sur la protection des donn\u00e9es, de demander l\u2019acc\u00e8s \u00e0 ces donn\u00e9es. Vous avez \u00e9galement le droit de nous demander de corriger toute inexactitude dans vos donn\u00e9es personnelles. Vous pouvez nous demander de modifier vos donn\u00e9es en envoyant un courriel \u00e0 forst@galm-murtensee.ch.<br \/>\nVeuillez indiquer clairement votre nom et votre question afin que nous puissions traiter cette question correctement et le plus rapidement possible.<\/p>\n<p><strong>COMMENT NOUS CONTACTER<\/strong><\/p>\n<p>Si vous avez des questions sur cette politique de confidentialit\u00e9, vous pouvez envoyer un courriel \u00e0 forst@galm-murtensee.ch.<\/p>\n<\/div><\/section><\/p><\/div>\n<style type=\"text\/css\" data-created_by=\"avia_inline_auto\" id=\"style-css-av-41cv-d08050681236d286b5560b19f900406f\">\n.flex_column.av-41cv-d08050681236d286b5560b19f900406f{\nborder-radius:0px 0px 0px 0px;\npadding:0px 0px 0px 0px;\n}\n<\/style>\n<div  class='flex_column av-41cv-d08050681236d286b5560b19f900406f av_one_fifth  avia-builder-el-4  el_after_av_three_fifth  avia-builder-el-last  flex_column_div av-zero-column-padding  '     ><\/div><\/p>\n","protected":false},"excerpt":{"rendered":"","protected":false},"author":2,"featured_media":0,"parent":0,"menu_order":0,"comment_status":"closed","ping_status":"closed","template":"","meta":{"footnotes":""},"class_list":["post-1087","page","type-page","status-publish","hentry"],"_links":{"self":[{"href":"https:\/\/galm-murtensee.ch\/fr\/wp-json\/wp\/v2\/pages\/1087","targetHints":{"allow":["GET"]}}],"collection":[{"href":"https:\/\/galm-murtensee.ch\/fr\/wp-json\/wp\/v2\/pages"}],"about":[{"href":"https:\/\/galm-murtensee.ch\/fr\/wp-json\/wp\/v2\/types\/page"}],"author":[{"embeddable":true,"href":"https:\/\/galm-murtensee.ch\/fr\/wp-json\/wp\/v2\/users\/2"}],"replies":[{"embeddable":true,"href":"https:\/\/galm-murtensee.ch\/fr\/wp-json\/wp\/v2\/comments?post=1087"}],"version-history":[{"count":5,"href":"https:\/\/galm-murtensee.ch\/fr\/wp-json\/wp\/v2\/pages\/1087\/revisions"}],"predecessor-version":[{"id":1153,"href":"https:\/\/galm-murtensee.ch\/fr\/wp-json\/wp\/v2\/pages\/1087\/revisions\/1153"}],"wp:attachment":[{"href":"https:\/\/galm-murtensee.ch\/fr\/wp-json\/wp\/v2\/media?parent=1087"}],"curies":[{"name":"wp","href":"https:\/\/api.w.org\/{rel}","templated":true}]}}