{"id":915,"date":"2020-11-06T13:38:06","date_gmt":"2020-11-06T12:38:06","guid":{"rendered":"https:\/\/galm-murtensee.ch\/dienstleistungen\/"},"modified":"2021-05-27T14:47:27","modified_gmt":"2021-05-27T12:47:27","slug":"prestations","status":"publish","type":"page","link":"https:\/\/galm-murtensee.ch\/fr\/prestations\/","title":{"rendered":"Prestations"},"content":{"rendered":"<div id='av-layout-grid-1'  class='av-layout-grid-container av-21fbd-03013354a2b5094ad2bb783f42f28658 entry-content-wrapper main_color av-flex-cells  avia-builder-el-0  el_before_av_section  avia-builder-el-first   container_wrap fullsize'  >\n\n<style type=\"text\/css\" data-created_by=\"avia_inline_auto\" id=\"style-css-av-kelgij7e-57c2b2918eb34b6bf9484c6786e38c1b\">\n.flex_cell.av-kelgij7e-57c2b2918eb34b6bf9484c6786e38c1b{\nvertical-align:bottom;\nbackground-color:#6aa840;\n}\n.responsive #top #wrap_all .flex_cell.av-kelgij7e-57c2b2918eb34b6bf9484c6786e38c1b{\npadding:50px 40px 40px 0px !important;\n}\n<\/style>\n<div class='flex_cell av-kelgij7e-57c2b2918eb34b6bf9484c6786e38c1b av-gridrow-cell av_one_half no_margin  avia-builder-el-1  el_before_av_cell_one_half  avia-builder-el-first  content-align-bottom'  ><div class='flex_cell_inner'>\n<style type=\"text\/css\" data-created_by=\"avia_inline_auto\" id=\"style-css-av-keljh4i6-fcdef6e41b8496108f411f2f69aeb3bf\">\n#top .av_textblock_section.av-keljh4i6-fcdef6e41b8496108f411f2f69aeb3bf .avia_textblock{\ncolor:#ffffff;\n}\n<\/style>\n<section  class='av_textblock_section av-keljh4i6-fcdef6e41b8496108f411f2f69aeb3bf '   itemscope=\"itemscope\" itemtype=\"https:\/\/schema.org\/CreativeWork\" ><div class='avia_textblock av_inherit_color'  itemprop=\"text\" ><h1 style=\"text-align: right;\">Services<\/h1>\n<\/div><\/section><br \/>\n\n<style type=\"text\/css\" data-created_by=\"avia_inline_auto\" id=\"style-css-av-keljh4i6-fcdef6e41b8496108f411f2f69aeb3bf\">\n#top .av_textblock_section.av-keljh4i6-fcdef6e41b8496108f411f2f69aeb3bf .avia_textblock{\ncolor:#ffffff;\n}\n<\/style>\n<section  class='av_textblock_section av-keljh4i6-fcdef6e41b8496108f411f2f69aeb3bf '   itemscope=\"itemscope\" itemtype=\"https:\/\/schema.org\/CreativeWork\" ><div class='avia_textblock av_inherit_color'  itemprop=\"text\" ><p style=\"text-align: right;\">Dans le secteur vert et environnemental, For\u00eat Galm Lac de Morat<br \/>\npropose des solutions professionnelles et efficaces \u00e0 des conditions comp\u00e9titives.<br \/>\nContactez-nous pour une offre sans engagement.<\/p>\n<\/div><\/section><\/p>\n<\/div><\/div>\n<style type=\"text\/css\" data-created_by=\"avia_inline_auto\" id=\"style-css-av-1f65p-f053ba30e44b2e25864381cd044520aa\">\n.flex_cell.av-1f65p-f053ba30e44b2e25864381cd044520aa{\nvertical-align:top;\nbackground:url(https:\/\/galm-murtensee.ch\/wp-content\/uploads\/2021\/02\/dienstleistungen-head.jpg) 0% 50% no-repeat scroll ;\n}\n.responsive #top #wrap_all .flex_cell.av-1f65p-f053ba30e44b2e25864381cd044520aa{\npadding:200px 0px 200px 0px !important;\n}\n<\/style>\n<div class='flex_cell av-1f65p-f053ba30e44b2e25864381cd044520aa av-gridrow-cell av_one_half no_margin  avia-builder-el-4  el_after_av_cell_one_half  avia-builder-el-last  content-align-top avia-full-stretch'  ><div class='flex_cell_inner'><\/div><\/div>\n<\/div>\n<div id='av_section_1'  class='avia-section av-1ireh-e6fe84dd39add5dc8162a6abdb11264e main_color avia-section-no-padding avia-no-border-styling  avia-builder-el-5  el_after_av_layout_row  el_before_av_three_fifth  avia-bg-style-scroll container_wrap fullsize'  ><div class='container av-section-cont-open' ><div class='template-page content  av-content-full alpha units'><div class='post-entry post-entry-type-page post-entry-915'><div class='entry-content-wrapper clearfix'>\n\n<style type=\"text\/css\" data-created_by=\"avia_inline_auto\" id=\"style-css-av-kh6iu4ll-4627c3e1b7dd0192e3df72ae1b2c926c\">\n#top .hr.hr-invisible.av-kh6iu4ll-4627c3e1b7dd0192e3df72ae1b2c926c{\nheight:30px;\n}\n<\/style>\n<div  class='hr av-kh6iu4ll-4627c3e1b7dd0192e3df72ae1b2c926c hr-invisible  avia-builder-el-6  el_before_av_one_half  avia-builder-el-first '><span class='hr-inner '><span class=\"hr-inner-style\"><\/span><\/span><\/div>\n\n<style type=\"text\/css\" data-created_by=\"avia_inline_auto\" id=\"style-css-av-v0rt-4c7fe93acdea750601d5f8a791bf6944\">\n.flex_column.av-v0rt-4c7fe93acdea750601d5f8a791bf6944{\nborder-radius:0px 0px 0px 0px;\npadding:0px 0px 0px 0px;\n}\n<\/style>\n<div  class='flex_column av-v0rt-4c7fe93acdea750601d5f8a791bf6944 av_one_half  avia-builder-el-7  el_after_av_hr  el_before_av_one_half  first flex_column_div av-zero-column-padding  '     ><p>\n<style type=\"text\/css\" data-created_by=\"avia_inline_auto\" id=\"style-css-av-kh6hczk6-3d32169f125d8a24651268013cde9632\">\n.av_font_icon.av-kh6hczk6-3d32169f125d8a24651268013cde9632 .av-icon-char{\nfont-size:100px;\nline-height:100px;\n}\n<\/style>\n<span  class='av_font_icon av-kh6hczk6-3d32169f125d8a24651268013cde9632 avia_animate_when_visible av-icon-style- avia-icon-pos-left avia-iconfont avia-font-galm av-no-color avia-icon-animate'><span class='av-icon-char' data-av_icon='\ue819' data-av_iconfont='galm' aria-hidden=\"true\" ><\/span><\/span><br \/>\n\n<style type=\"text\/css\" data-created_by=\"avia_inline_auto\" id=\"style-css-av-28oln-11cb3e25c588d53883701a15a45b9548\">\n#top .av-special-heading.av-28oln-11cb3e25c588d53883701a15a45b9548{\npadding-bottom:10px;\n}\nbody .av-special-heading.av-28oln-11cb3e25c588d53883701a15a45b9548 .av-special-heading-tag .heading-char{\nfont-size:25px;\n}\n.av-special-heading.av-28oln-11cb3e25c588d53883701a15a45b9548 .av-subheading{\nfont-size:15px;\n}\n<\/style>\n<div  class='av-special-heading av-28oln-11cb3e25c588d53883701a15a45b9548 av-special-heading-h2 blockquote modern-quote  avia-builder-el-9  el_after_av_font_icon  el_before_av_textblock '><h2 class='av-special-heading-tag '  itemprop=\"headline\"  >Soins aux arbres<\/h2><div class=\"special-heading-border\"><div class=\"special-heading-inner-border\"><\/div><\/div><\/div><br \/>\n<section  class='av_textblock_section av-kbqd4fpi-e5648557ade5a5c488a5ffa9eee69993 '   itemscope=\"itemscope\" itemtype=\"https:\/\/schema.org\/CreativeWork\" ><div class='avia_textblock'  itemprop=\"text\" ><p class=\"p1\">Les soins aux arbres comprennent toutes les interventions qui favorisent le d\u00e9veloppement de l&rsquo;arbre et maintiennent la s\u00e9curit\u00e9 de son environnement.<\/p>\n<p class=\"p1\">Les sp\u00e9cialistes form\u00e9s de notre \u00e9quipe effectuent ces mesures de mani\u00e8re professionnelle et dans l&rsquo;int\u00e9r\u00eat de vos arbres.<\/p>\n<p class=\"p1\"><b>Nous vous conseillons volontiers.<\/b><\/p>\n<\/div><\/section><\/p><\/div>\n<style type=\"text\/css\" data-created_by=\"avia_inline_auto\" id=\"style-css-av-v0rt-590c9b699e211c38c16cb3b88192537b\">\n.flex_column.av-v0rt-590c9b699e211c38c16cb3b88192537b{\nborder-radius:0px 0px 0px 0px;\npadding:0px 0px 0px 0px;\n}\n<\/style>\n<div  class='flex_column av-v0rt-590c9b699e211c38c16cb3b88192537b av_one_half  avia-builder-el-11  el_after_av_one_half  avia-builder-el-last  flex_column_div av-zero-column-padding  '     ><p>\n<style type=\"text\/css\" data-created_by=\"avia_inline_auto\" id=\"style-css-av-kh6hczk6-6ec16468e965c8ae56aee68609839939\">\n.av_font_icon.av-kh6hczk6-6ec16468e965c8ae56aee68609839939 .av-icon-char{\nfont-size:100px;\nline-height:100px;\n}\n<\/style>\n<span  class='av_font_icon av-kh6hczk6-6ec16468e965c8ae56aee68609839939 avia_animate_when_visible av-icon-style- avia-icon-pos-left avia-iconfont avia-font-galm av-no-color avia-icon-animate'><span class='av-icon-char' data-av_icon='\ue818' data-av_iconfont='galm' aria-hidden=\"true\" ><\/span><\/span><br \/>\n\n<style type=\"text\/css\" data-created_by=\"avia_inline_auto\" id=\"style-css-av-1rppz-5b2143d28b42863c1473bbea70a88ddf\">\n#top .av-special-heading.av-1rppz-5b2143d28b42863c1473bbea70a88ddf{\npadding-bottom:10px;\n}\nbody .av-special-heading.av-1rppz-5b2143d28b42863c1473bbea70a88ddf .av-special-heading-tag .heading-char{\nfont-size:25px;\n}\n.av-special-heading.av-1rppz-5b2143d28b42863c1473bbea70a88ddf .av-subheading{\nfont-size:15px;\n}\n<\/style>\n<div  class='av-special-heading av-1rppz-5b2143d28b42863c1473bbea70a88ddf av-special-heading-h2 blockquote modern-quote  avia-builder-el-13  el_after_av_font_icon  el_before_av_textblock '><h2 class='av-special-heading-tag '  itemprop=\"headline\"  >Coupes de s\u00e9curit\u00e9 et abattages sp\u00e9ciaux<\/h2><div class=\"special-heading-border\"><div class=\"special-heading-inner-border\"><\/div><\/div><\/div><br \/>\n<section  class='av_textblock_section av-kbqd4fpi-e5648557ade5a5c488a5ffa9eee69993 '   itemscope=\"itemscope\" itemtype=\"https:\/\/schema.org\/CreativeWork\" ><div class='avia_textblock'  itemprop=\"text\" ><p class=\"p1\">Nous sommes votre interlocuteur pour toute op\u00e9ration d&rsquo;abattage d&rsquo;arbres, aussi d\u00e9licate soit-elle\u00a0; qu\u2019il s\u2019agisse d\u2019un seul arbre \u00e0 c\u00f4t\u00e9 de votre maison ou d\u2019un groupe d&rsquo;arbres le long d&rsquo;une route tr\u00e8s fr\u00e9quent\u00e9e.<\/p>\n<p class=\"p1\">Avec les techniques les plus modernes et m\u00eame dans les conditions les plus difficiles, nos professionnels effectuent ce travail de mani\u00e8re propre, s\u00fbre et en respectant les d\u00e9lais.<\/p>\n<p class=\"p1\"><b>De la planification \u00e0 l&rsquo;ex\u00e9cution, nous sommes l\u00e0 pour vous.<\/b><\/p>\n<\/div><\/section><\/p><\/div>\n<\/div><\/div><\/div><!-- close content main div --><\/div><\/div><div id='after_section_1'  class='main_color av_default_container_wrap container_wrap fullsize'  ><div class='container av-section-cont-open' ><div class='template-page content  av-content-full alpha units'><div class='post-entry post-entry-type-page post-entry-915'><div class='entry-content-wrapper clearfix'>\n\n<style type=\"text\/css\" data-created_by=\"avia_inline_auto\" id=\"style-css-av-v0rt-4c7fe93acdea750601d5f8a791bf6944\">\n.flex_column.av-v0rt-4c7fe93acdea750601d5f8a791bf6944{\nborder-radius:0px 0px 0px 0px;\npadding:0px 0px 0px 0px;\n}\n<\/style>\n<div  class='flex_column av-v0rt-4c7fe93acdea750601d5f8a791bf6944 av_three_fifth  avia-builder-el-15  el_after_av_section  el_before_av_one_third  avia-builder-el-first  first flex_column_div av-zero-column-padding  '     ><p>\n<style type=\"text\/css\" data-created_by=\"avia_inline_auto\" id=\"style-css-av-kh6hczk6-7414eae59a041ed8c0f16349c897b9a5\">\n.av_font_icon.av-kh6hczk6-7414eae59a041ed8c0f16349c897b9a5 .av-icon-char{\nfont-size:100px;\nline-height:100px;\n}\n<\/style>\n<span  class='av_font_icon av-kh6hczk6-7414eae59a041ed8c0f16349c897b9a5 avia_animate_when_visible av-icon-style- avia-icon-pos-left avia-iconfont avia-font-galm av-no-color avia-icon-animate'><span class='av-icon-char' data-av_icon='\ue80d' data-av_iconfont='galm' aria-hidden=\"true\" ><\/span><\/span><br \/>\n\n<style type=\"text\/css\" data-created_by=\"avia_inline_auto\" id=\"style-css-av-14edb-38164c216570cc0607eeb8f7909cef50\">\n#top .av-special-heading.av-14edb-38164c216570cc0607eeb8f7909cef50{\npadding-bottom:10px;\n}\nbody .av-special-heading.av-14edb-38164c216570cc0607eeb8f7909cef50 .av-special-heading-tag .heading-char{\nfont-size:25px;\n}\n.av-special-heading.av-14edb-38164c216570cc0607eeb8f7909cef50 .av-subheading{\nfont-size:15px;\n}\n<\/style>\n<div  class='av-special-heading av-14edb-38164c216570cc0607eeb8f7909cef50 av-special-heading-h2 blockquote modern-quote  avia-builder-el-17  el_after_av_font_icon  el_before_av_textblock '><h2 class='av-special-heading-tag '  itemprop=\"headline\"  >Entretien du paysage et protection de la nature<\/h2><div class=\"special-heading-border\"><div class=\"special-heading-inner-border\"><\/div><\/div><\/div><br \/>\n<section  class='av_textblock_section av-kbqd4fpi-e5648557ade5a5c488a5ffa9eee69993 '   itemscope=\"itemscope\" itemtype=\"https:\/\/schema.org\/CreativeWork\" ><div class='avia_textblock'  itemprop=\"text\" ><p class=\"p1\">For\u00eat Galm Lac de Morat ne s&rsquo;engage pas seulement \u00e0 pr\u00e9server la flore et la faune indig\u00e8nes en for\u00eat. En dehors de la for\u00eat, nous proposons \u00e9galement notre savoir-faire en mati\u00e8re de valorisation des \u00e9cosyst\u00e8mes.<\/p>\n<p class=\"p1\">Cela comprend :<\/p>\n<ul>\n<li>Entretien des haies et des rideaux brise-vent<\/li>\n<li>Entretien des berges des cours d&rsquo;eau<\/li>\n<li>Renaturation des zones humides et autres habitats pr\u00e9cieux<\/li>\n<\/ul>\n<p class=\"p1\"><b>Nos experts se feront un plaisir de discuter avec vous des mesures possibles.<\/b><\/p>\n<\/div><\/section><\/p><\/div>\n<style type=\"text\/css\" data-created_by=\"avia_inline_auto\" id=\"style-css-av-v0rt-590c9b699e211c38c16cb3b88192537b\">\n.flex_column.av-v0rt-590c9b699e211c38c16cb3b88192537b{\nborder-radius:0px 0px 0px 0px;\npadding:0px 0px 0px 0px;\n}\n<\/style>\n<div  class='flex_column av-v0rt-590c9b699e211c38c16cb3b88192537b av_one_third  avia-builder-el-19  el_after_av_three_fifth  el_before_av_section  avia-builder-el-last  flex_column_div av-zero-column-padding  '     ><\/div><\/p>\n<\/div><\/div><\/div><!-- close content main div --><\/div><\/div>\n<style type=\"text\/css\" data-created_by=\"avia_inline_auto\" id=\"style-css-av-kh6i84ip-fc0081539ae069a25474965a6ec70b31\">\n.avia-section.av-kh6i84ip-fc0081539ae069a25474965a6ec70b31 .av-parallax .av-parallax-inner{\nbackground-repeat:no-repeat;\nbackground-image:url(https:\/\/galm-murtensee.ch\/wp-content\/uploads\/2021\/02\/Waldfuehrung.jpg);\nbackground-position:0% 0%;\nbackground-attachment:scroll;\n}\n<\/style>\n<div id='av_section_2'  class='avia-section av-kh6i84ip-fc0081539ae069a25474965a6ec70b31 main_color avia-section-default avia-no-border-styling  avia-builder-el-20  el_after_av_one_third  avia-builder-el-last  avia-full-stretch av-parallax-section avia-bg-style-parallax container_wrap fullsize'  data-section-bg-repeat='stretch'><div class='av-parallax' data-avia-parallax-ratio='0.3' ><div class='av-parallax-inner main_color avia-full-stretch'><\/div><\/div><div class='container av-section-cont-open' ><div class='template-page content  av-content-full alpha units'><div class='post-entry post-entry-type-page post-entry-915'><div class='entry-content-wrapper clearfix'>\n\n<style type=\"text\/css\" data-created_by=\"avia_inline_auto\" id=\"style-css-av-v0rt-fff18350d0abed541993598dc9c17d79\">\n.flex_column.av-v0rt-fff18350d0abed541993598dc9c17d79{\nborder-radius:0px 0px 0px 0px;\npadding:50px 50px 50px 50px;\n}\n<\/style>\n<div  class='flex_column av-v0rt-fff18350d0abed541993598dc9c17d79 av_two_fifth  avia-builder-el-21  el_before_av_one_half  avia-builder-el-first  first flex_column_div  '     ><\/div>\n<style type=\"text\/css\" data-created_by=\"avia_inline_auto\" id=\"style-css-av-v0rt-76d12cc8786c54d03a80c4c7322e7686\">\n.flex_column.av-v0rt-76d12cc8786c54d03a80c4c7322e7686{\nborder-radius:0px 0px 0px 0px;\npadding:50px 50px 50px 50px;\nbackground-color:rgba(255,255,255,0.9);\n}\n<\/style>\n<div  class='flex_column av-v0rt-76d12cc8786c54d03a80c4c7322e7686 av_one_half  avia-builder-el-22  el_after_av_two_fifth  avia-builder-el-last  flex_column_div  '     ><p>\n<style type=\"text\/css\" data-created_by=\"avia_inline_auto\" id=\"style-css-av-10ri7-a40ecc8253ee23b46f35c5f8b5b0dac2\">\n#top .av-special-heading.av-10ri7-a40ecc8253ee23b46f35c5f8b5b0dac2{\npadding-bottom:10px;\n}\nbody .av-special-heading.av-10ri7-a40ecc8253ee23b46f35c5f8b5b0dac2 .av-special-heading-tag .heading-char{\nfont-size:25px;\n}\n.av-special-heading.av-10ri7-a40ecc8253ee23b46f35c5f8b5b0dac2 .av-subheading{\nfont-size:15px;\n}\n<\/style>\n<div  class='av-special-heading av-10ri7-a40ecc8253ee23b46f35c5f8b5b0dac2 av-special-heading-h2 blockquote modern-quote  avia-builder-el-23  el_before_av_textblock  avia-builder-el-first '><h2 class='av-special-heading-tag '  itemprop=\"headline\"  >Visites guid\u00e9es<\/h2><div class=\"special-heading-border\"><div class=\"special-heading-inner-border\"><\/div><\/div><\/div><br \/>\n<section  class='av_textblock_section av-kbqd4fpi-e5648557ade5a5c488a5ffa9eee69993 '   itemscope=\"itemscope\" itemtype=\"https:\/\/schema.org\/CreativeWork\" ><div class='avia_textblock'  itemprop=\"text\" ><p class=\"p1\">Faire connaitre l&rsquo;habitat forestier, ses fonctions et la sylviculture est une de nos pr\u00e9occupations principales.<\/p>\n<p class=\"p1\">Nous proposons donc des visites guid\u00e9es ax\u00e9es sur l&rsquo;exp\u00e9rience pour les classes d&rsquo;\u00e9cole, les clubs, les entreprises et les groupes. La dur\u00e9e et le programme peuvent \u00eatre adapt\u00e9s selon vos besoins.<\/p>\n<p class=\"p1\"><b>Nous sommes impatients de vous rencontrer !<\/b><\/p>\n<\/div><\/section><br \/>\n<div  class='avia-button-wrap av-kl2ars6t-bda7d3fb989485200778b4ad12b240da-wrap avia-button-right  avia-builder-el-25  el_after_av_textblock  avia-builder-el-last '><a href='https:\/\/galm-murtensee.ch\/fr\/actualites\/'  class='avia-button av-kl2ars6t-bda7d3fb989485200778b4ad12b240da av-link-btn avia-icon_select-no avia-size-medium avia-position-right avia-color-theme-color'   aria-label=\"Demande pour une visite guid\u00e9e\"><span class='avia_iconbox_title' >Demande pour une visite guid\u00e9e<\/span><\/a><\/div><\/p><\/div>\n","protected":false},"excerpt":{"rendered":"","protected":false},"author":2,"featured_media":0,"parent":0,"menu_order":0,"comment_status":"closed","ping_status":"closed","template":"","meta":{"footnotes":""},"class_list":["post-915","page","type-page","status-publish","hentry"],"_links":{"self":[{"href":"https:\/\/galm-murtensee.ch\/fr\/wp-json\/wp\/v2\/pages\/915","targetHints":{"allow":["GET"]}}],"collection":[{"href":"https:\/\/galm-murtensee.ch\/fr\/wp-json\/wp\/v2\/pages"}],"about":[{"href":"https:\/\/galm-murtensee.ch\/fr\/wp-json\/wp\/v2\/types\/page"}],"author":[{"embeddable":true,"href":"https:\/\/galm-murtensee.ch\/fr\/wp-json\/wp\/v2\/users\/2"}],"replies":[{"embeddable":true,"href":"https:\/\/galm-murtensee.ch\/fr\/wp-json\/wp\/v2\/comments?post=915"}],"version-history":[{"count":5,"href":"https:\/\/galm-murtensee.ch\/fr\/wp-json\/wp\/v2\/pages\/915\/revisions"}],"predecessor-version":[{"id":1146,"href":"https:\/\/galm-murtensee.ch\/fr\/wp-json\/wp\/v2\/pages\/915\/revisions\/1146"}],"wp:attachment":[{"href":"https:\/\/galm-murtensee.ch\/fr\/wp-json\/wp\/v2\/media?parent=915"}],"curies":[{"name":"wp","href":"https:\/\/api.w.org\/{rel}","templated":true}]}}