{"id":952,"date":"2020-11-04T10:20:42","date_gmt":"2020-11-04T09:20:42","guid":{"rendered":"https:\/\/galm-murtensee.ch\/home\/"},"modified":"2021-04-23T13:00:08","modified_gmt":"2021-04-23T11:00:08","slug":"accueil","status":"publish","type":"page","link":"https:\/\/galm-murtensee.ch\/fr\/","title":{"rendered":"Accueil"},"content":{"rendered":"<div   class='avia-fullscreen-slider main_color   avia-builder-el-0  el_before_av_section  avia-builder-el-first  container_wrap fullsize'  >\n<style type=\"text\/css\" data-created_by=\"avia_inline_auto\" id=\"style-css-av-kh62d1vd-4c6060cefc046afefa38efff84cfbe17\">\n#top #wrap_all .avia-slideshow .av-slideshow-caption.av-kh62d1vd-4c6060cefc046afefa38efff84cfbe17__0 .avia-caption-title{\nfont-size:40px;\n}\n#top .avia-slideshow .av-slideshow-caption.av-kh62d1vd-4c6060cefc046afefa38efff84cfbe17__0 .avia-caption-content{\nfont-size:22px;\n}\n#top .avia-slideshow .av-slideshow-caption.av-kh62d1vd-4c6060cefc046afefa38efff84cfbe17__0 .avia-caption-content p{\nfont-size:22px;\n}\n<\/style>\n<a href='#next-section' title='' class='scroll-down-link av-control-hidden avia-svg-icon avia-font-svg_entypo-fontello' data-av_svg_icon='down-open-mini' data-av_iconset='svg_entypo-fontello'><svg version=\"1.1\" xmlns=\"http:\/\/www.w3.org\/2000\/svg\" width=\"15\" height=\"32\" viewBox=\"0 0 15 32\" preserveAspectRatio=\"xMidYMid meet\" aria-labelledby='av-svg-title-1' aria-describedby='av-svg-desc-1' role=\"graphics-symbol\" aria-hidden=\"true\">\n<title id='av-svg-title-1'>Scroller vers la prochaine section<\/title>\n<desc id='av-svg-desc-1'>Scroller vers la prochaine section<\/desc>\n<path d=\"M12.96 12.16q0.704-0.832 1.536 0 0.832 0.704 0 1.536l-6.272 6.144q-0.704 0.704-1.536 0l-6.272-6.144q-0.832-0.832 0-1.536 0.768-0.768 1.6 0l5.44 4.992z\"><\/path>\n<\/svg><\/a><div  class='avia-slideshow av-kh62d1vd-4c6060cefc046afefa38efff84cfbe17 avia-slideshow-no scaling av_fullscreen avia-fade-slider av-slideshow-ui av-control-hidden av-no-slider-navigation av-hide-nav-arrows av-slideshow-manual av-loop-once av-loop-manual-endless av-slider-scroll-down-active av-default-height-applied   avia-slideshow-1' data-slideshow-options=\"{&quot;animation&quot;:&quot;fade&quot;,&quot;autoplay&quot;:false,&quot;loop_autoplay&quot;:&quot;once&quot;,&quot;interval&quot;:5,&quot;loop_manual&quot;:&quot;manual-endless&quot;,&quot;autoplay_stopper&quot;:false,&quot;noNavigation&quot;:true,&quot;bg_slider&quot;:true,&quot;keep_padding&quot;:false,&quot;hoverpause&quot;:false,&quot;show_slide_delay&quot;:0,&quot;slide_height&quot;:&quot;100&quot;,&quot;image_attachment&quot;:&quot;&quot;}\"  itemprop=\"image\" itemscope=\"itemscope\" itemtype=\"https:\/\/schema.org\/ImageObject\" ><ul class='avia-slideshow-inner ' style='padding-bottom: 66.666666666667%;'><li style='background-position:center center;' data-img-url='https:\/\/galm-murtensee.ch\/wp-content\/uploads\/2020\/11\/home-slide-1.jpg' class='avia-slideshow-slide av-kh62d1vd-4c6060cefc046afefa38efff84cfbe17__0  av-single-slide slide-1 slide-odd'><div data-rel='slideshow-1' class='avia-slide-wrap '   ><\/div><\/li><\/ul><div class='av-slideshow-caption av-kh62d1vd-4c6060cefc046afefa38efff84cfbe17__0 caption_fullwidth caption_left caption_left_framed caption_framed'><div class=\"container caption_container\"><div class=\"slideshow_caption\"><div class=\"slideshow_inner_caption\"><div class=\"slideshow_align_caption\"><h2 class='avia-caption-title '  itemprop=\"name\" >For\u00eat Galm Lac de Morat<\/h2><div class='avia-caption-content '  itemprop=\"description\" ><p>Avec passion et le respect n\u00e9cessaire<\/p>\n<\/div><\/div><\/div><\/div><\/div><\/div><\/div><\/div>\n\n<style type=\"text\/css\" data-created_by=\"avia_inline_auto\" id=\"style-css-av-kh6b3725-3f5e62a5a284d4436d87fb4c6f272b94\">\n.avia-section.av-kh6b3725-3f5e62a5a284d4436d87fb4c6f272b94{\nbackground-color:#1c4102;\nbackground-image:unset;\n}\n<\/style>\n<div id='av_section_1'  class='avia-section av-kh6b3725-3f5e62a5a284d4436d87fb4c6f272b94 main_color avia-section-default avia-no-border-styling  avia-builder-el-1  el_after_av_fullscreen  el_before_av_section  avia-bg-style-scroll container_wrap fullsize'  ><div class='container av-section-cont-open' ><div class='template-page content  av-content-full alpha units'><div class='post-entry post-entry-type-page post-entry-952'><div class='entry-content-wrapper clearfix'>\n\n<style type=\"text\/css\" data-created_by=\"avia_inline_auto\" id=\"style-css-av-1vj1d-d430e615e8c214d51a69ad5b8d47b9c1\">\n.flex_column.av-1vj1d-d430e615e8c214d51a69ad5b8d47b9c1{\nborder-radius:0px 0px 0px 0px;\npadding:0px 0px 0px 0px;\n}\n<\/style>\n<div  class='flex_column av-1vj1d-d430e615e8c214d51a69ad5b8d47b9c1 av_one_fifth  avia-builder-el-2  el_before_av_three_fifth  avia-builder-el-first  first flex_column_div av-zero-column-padding  '     ><\/div>\n<style type=\"text\/css\" data-created_by=\"avia_inline_auto\" id=\"style-css-av-1bckl-d188e7b788b64567bfa4d292cbdc3836\">\n.flex_column.av-1bckl-d188e7b788b64567bfa4d292cbdc3836{\nborder-radius:0px 0px 0px 0px;\npadding:0px 0px 0px 0px;\n}\n<\/style>\n<div  class='flex_column av-1bckl-d188e7b788b64567bfa4d292cbdc3836 av_three_fifth  avia-builder-el-3  el_after_av_one_fifth  el_before_av_one_fifth  flex_column_div av-zero-column-padding  '     ><style type=\"text\/css\" data-created_by=\"avia_inline_auto\" id=\"style-css-av-kl2gjtcz-763e6cd8da7064075de423556e2b270f\">\n#top .av-special-heading.av-kl2gjtcz-763e6cd8da7064075de423556e2b270f{\nmargin:0 0 0 0;\npadding-bottom:10px;\ncolor:#ffffff;\nfont-size:40px;\n}\nbody .av-special-heading.av-kl2gjtcz-763e6cd8da7064075de423556e2b270f .av-special-heading-tag .heading-char{\nfont-size:25px;\n}\n#top #wrap_all .av-special-heading.av-kl2gjtcz-763e6cd8da7064075de423556e2b270f .av-special-heading-tag{\nfont-size:40px;\n}\n.av-special-heading.av-kl2gjtcz-763e6cd8da7064075de423556e2b270f .special-heading-inner-border{\nborder-color:#ffffff;\n}\n.av-special-heading.av-kl2gjtcz-763e6cd8da7064075de423556e2b270f .av-subheading{\nfont-size:20px;\n}\n\n@media only screen and (min-width: 480px) and (max-width: 767px){ \n#top #wrap_all .av-special-heading.av-kl2gjtcz-763e6cd8da7064075de423556e2b270f .av-special-heading-tag{\nfont-size:0.8em;\n}\n}\n\n@media only screen and (max-width: 479px){ \n#top #wrap_all .av-special-heading.av-kl2gjtcz-763e6cd8da7064075de423556e2b270f .av-special-heading-tag{\nfont-size:0.8em;\n}\n}\n<\/style>\n<div  class='av-special-heading av-kl2gjtcz-763e6cd8da7064075de423556e2b270f av-special-heading-h1 custom-color-heading blockquote modern-quote modern-centered  avia-builder-el-4  avia-builder-el-no-sibling  av-inherit-size'><h1 class='av-special-heading-tag '  itemprop=\"headline\"  >Notre for\u00eat \u2013 naturellement durable<\/h1><div class='av_custom_color av-subheading av-subheading_below'><p>La for\u00eat est importante !<br \/>\nNon seulement pour nous, les humains, mais aussi pour les animaux et les plantes. La for\u00eat remplit de nombreuses fonctions dont nous, les humains, b\u00e9n\u00e9ficions \u00e0 diff\u00e9rents titres.<\/p>\n<p>Nous traitons notre for\u00eat en cons\u00e9quence &#8211; proche de la nature et de mani\u00e8re durable. Les diverses fonctions de la for\u00eat sont ainsi pr\u00e9serv\u00e9es, \u00e9galement pour les g\u00e9n\u00e9rations futures.<\/p>\n<\/div><div class=\"special-heading-border\"><div class=\"special-heading-inner-border\"><\/div><\/div><\/div><\/div>\n<style type=\"text\/css\" data-created_by=\"avia_inline_auto\" id=\"style-css-av-3m19-8b143d4f0d752f15a233f1c62d90ba5e\">\n.flex_column.av-3m19-8b143d4f0d752f15a233f1c62d90ba5e{\nborder-radius:0px 0px 0px 0px;\npadding:0px 0px 0px 0px;\n}\n<\/style>\n<div  class='flex_column av-3m19-8b143d4f0d752f15a233f1c62d90ba5e av_one_fifth  avia-builder-el-5  el_after_av_three_fifth  avia-builder-el-last  flex_column_div av-zero-column-padding  '     ><\/div><\/div><\/div><\/div><!-- close content main div --><\/div><\/div><div id='av_section_2'  class='avia-section av-7pc1-2fbe23ad40e4132b108425f11dc88b27 main_color avia-section-default avia-no-border-styling  avia-builder-el-6  el_after_av_section  avia-builder-el-last  avia-bg-style-scroll container_wrap fullsize'  ><div class='container av-section-cont-open' ><div class='template-page content  av-content-full alpha units'><div class='post-entry post-entry-type-page post-entry-952'><div class='entry-content-wrapper clearfix'>\n\n<style type=\"text\/css\" data-created_by=\"avia_inline_auto\" id=\"style-css-av-1s4td-1e260a2c3829a094110b114abfc3a8ea\">\n.flex_column.av-1s4td-1e260a2c3829a094110b114abfc3a8ea{\nborder-radius:0px 0px 0px 0px;\npadding:0px 0px 0px 0px;\n}\n<\/style>\n<div  class='flex_column av-1s4td-1e260a2c3829a094110b114abfc3a8ea av_one_half  avia-builder-el-7  el_before_av_one_half  avia-builder-el-first  first flex_column_div av-zero-column-padding  '     ><section  class='av_textblock_section av-kh6duqop-5b9f8553c0f61b8bf7b31ef8754567dd '   itemscope=\"itemscope\" itemtype=\"https:\/\/schema.org\/CreativeWork\" ><div class='avia_textblock'  itemprop=\"text\" ><p>N\u00e9e en janvier 2021 de la fusion de la corporation de triages du Galm (RK Galm) et de l&rsquo;entreprise foresti\u00e8re R\u00e9gion Lac de Morat, notre entreprise foresti\u00e8re s&rsquo;occupe et g\u00e8re les for\u00eats publiques de la r\u00e9gion du lac de Morat, de Kerzers et de Gurmels. La for\u00eat du Galm est particuli\u00e8re avec ses ch\u00eanes de plus de 300 ans, dont l&rsquo;histoire remonte \u00e0 la bataille de Morat et qui, fait unique en Suisse, forme une commune foresti\u00e8re ind\u00e9pendante sans habitants.<br \/>\nAu nom des communes partenaires, nous veillons \u00e0 fournir une infrastructure exemplaire au profit des personnes venant en for\u00eat pour leurs loisirs.<\/p>\n<\/div><\/section><\/div>\n<style type=\"text\/css\" data-created_by=\"avia_inline_auto\" id=\"style-css-av-wywh-1eee13aa878ff1458eece42325738c5f\">\n.flex_column.av-wywh-1eee13aa878ff1458eece42325738c5f{\nborder-radius:0px 0px 0px 0px;\npadding:0px 0px 0px 0px;\n}\n<\/style>\n<div  class='flex_column av-wywh-1eee13aa878ff1458eece42325738c5f av_one_half  avia-builder-el-9  el_after_av_one_half  avia-builder-el-last  flex_column_div av-zero-column-padding  '     ><section  class='av_textblock_section av-kh6duqop-5b9f8553c0f61b8bf7b31ef8754567dd '   itemscope=\"itemscope\" itemtype=\"https:\/\/schema.org\/CreativeWork\" ><div class='avia_textblock'  itemprop=\"text\" ><p class=\"p1\">La formation des professionnels de la for\u00eat nous tient \u00e9galement tr\u00e8s \u00e0 c\u0153ur. L&rsquo;entreprise propose en permanence des places d&rsquo;apprentissage pour les futurs forestiers-b\u00fbcherons.<\/p>\n<p class=\"p1\">Dans le domaine des services forestiers, nous sommes un centre de comp\u00e9tence dans la r\u00e9gion. Un arbre de votre propri\u00e9t\u00e9 devient-il trop grand, avez-vous besoin de bois de chauffage pour le po\u00eale ou de copeaux pour le jardin ? Vous souhaitez des meubles d&rsquo;ext\u00e9rieur en rondins ? Nous vous conseillons volontiers !<\/p>\n<p class=\"p1\">Notre site web vous donne un aper\u00e7u de nos activit\u00e9s et de nos produits. Si vous avez des questions ou des suggestions, n&rsquo;h\u00e9sitez pas \u00e0 nous contacter.<\/p>\n<\/div><\/section><\/div><\/p>\n","protected":false},"excerpt":{"rendered":"","protected":false},"author":2,"featured_media":0,"parent":0,"menu_order":0,"comment_status":"closed","ping_status":"closed","template":"","meta":{"footnotes":""},"class_list":["post-952","page","type-page","status-publish","hentry"],"_links":{"self":[{"href":"https:\/\/galm-murtensee.ch\/fr\/wp-json\/wp\/v2\/pages\/952","targetHints":{"allow":["GET"]}}],"collection":[{"href":"https:\/\/galm-murtensee.ch\/fr\/wp-json\/wp\/v2\/pages"}],"about":[{"href":"https:\/\/galm-murtensee.ch\/fr\/wp-json\/wp\/v2\/types\/page"}],"author":[{"embeddable":true,"href":"https:\/\/galm-murtensee.ch\/fr\/wp-json\/wp\/v2\/users\/2"}],"replies":[{"embeddable":true,"href":"https:\/\/galm-murtensee.ch\/fr\/wp-json\/wp\/v2\/comments?post=952"}],"version-history":[{"count":4,"href":"https:\/\/galm-murtensee.ch\/fr\/wp-json\/wp\/v2\/pages\/952\/revisions"}],"predecessor-version":[{"id":955,"href":"https:\/\/galm-murtensee.ch\/fr\/wp-json\/wp\/v2\/pages\/952\/revisions\/955"}],"wp:attachment":[{"href":"https:\/\/galm-murtensee.ch\/fr\/wp-json\/wp\/v2\/media?parent=952"}],"curies":[{"name":"wp","href":"https:\/\/api.w.org\/{rel}","templated":true}]}}