{"id":995,"date":"2020-11-09T11:00:04","date_gmt":"2020-11-09T10:00:04","guid":{"rendered":"https:\/\/galm-murtensee.ch\/eichenpfad\/"},"modified":"2021-05-27T10:43:43","modified_gmt":"2021-05-27T08:43:43","slug":"sentier-du-chene","status":"publish","type":"page","link":"https:\/\/galm-murtensee.ch\/fr\/sentier-du-chene\/","title":{"rendered":"Sentier du ch\u00eane"},"content":{"rendered":"<div id='av-layout-grid-1'  class='av-layout-grid-container av-21fbd-03013354a2b5094ad2bb783f42f28658 entry-content-wrapper main_color av-flex-cells  avia-builder-el-0  el_before_av_section  avia-builder-el-first   container_wrap fullsize'  >\n\n<style type=\"text\/css\" data-created_by=\"avia_inline_auto\" id=\"style-css-av-kelgij7e-57c2b2918eb34b6bf9484c6786e38c1b\">\n.flex_cell.av-kelgij7e-57c2b2918eb34b6bf9484c6786e38c1b{\nvertical-align:bottom;\nbackground-color:#6aa840;\n}\n.responsive #top #wrap_all .flex_cell.av-kelgij7e-57c2b2918eb34b6bf9484c6786e38c1b{\npadding:50px 40px 40px 0px !important;\n}\n<\/style>\n<div class='flex_cell av-kelgij7e-57c2b2918eb34b6bf9484c6786e38c1b av-gridrow-cell av_one_half no_margin  avia-builder-el-1  el_before_av_cell_one_half  avia-builder-el-first  content-align-bottom'  ><div class='flex_cell_inner'>\n<style type=\"text\/css\" data-created_by=\"avia_inline_auto\" id=\"style-css-av-keljh4i6-fcdef6e41b8496108f411f2f69aeb3bf\">\n#top .av_textblock_section.av-keljh4i6-fcdef6e41b8496108f411f2f69aeb3bf .avia_textblock{\ncolor:#ffffff;\n}\n<\/style>\n<section  class='av_textblock_section av-keljh4i6-fcdef6e41b8496108f411f2f69aeb3bf '   itemscope=\"itemscope\" itemtype=\"https:\/\/schema.org\/CreativeWork\" ><div class='avia_textblock av_inherit_color'  itemprop=\"text\" ><h1 style=\"text-align: right;\">Sentier des ch\u00eanes<\/h1>\n<\/div><\/section><br \/>\n\n<style type=\"text\/css\" data-created_by=\"avia_inline_auto\" id=\"style-css-av-khajfh1q-afa67ab1a182c2c71a2c2cbacfa9206e\">\n#top .av_textblock_section.av-khajfh1q-afa67ab1a182c2c71a2c2cbacfa9206e .avia_textblock{\ncolor:#ffffff;\n}\n<\/style>\n<section  class='av_textblock_section av-khajfh1q-afa67ab1a182c2c71a2c2cbacfa9206e '   itemscope=\"itemscope\" itemtype=\"https:\/\/schema.org\/CreativeWork\" ><div class='avia_textblock av_inherit_color'  itemprop=\"text\" ><h3 style=\"text-align: right;\">Le sentier d\u00e9couverte de Galmeline<\/h3>\n<\/div><\/section><\/p>\n<\/div><\/div>\n<style type=\"text\/css\" data-created_by=\"avia_inline_auto\" id=\"style-css-av-1f65p-fe0b1fafb872014b65fdeb4ac312d538\">\n.flex_cell.av-1f65p-fe0b1fafb872014b65fdeb4ac312d538{\nvertical-align:top;\nbackground:url(https:\/\/galm-murtensee.ch\/wp-content\/uploads\/2020\/11\/Galm-head-eiche.jpg) 0% 50% no-repeat scroll ;\n}\n.responsive #top #wrap_all .flex_cell.av-1f65p-fe0b1fafb872014b65fdeb4ac312d538{\npadding:200px 0px 200px 0px !important;\n}\n<\/style>\n<div class='flex_cell av-1f65p-fe0b1fafb872014b65fdeb4ac312d538 av-gridrow-cell av_one_half no_margin  avia-builder-el-4  el_after_av_cell_one_half  avia-builder-el-last  content-align-top avia-full-stretch'  ><div class='flex_cell_inner'><\/div><\/div>\n<\/div>\n<div id='av_section_1'  class='avia-section av-fy549-123006e84aa58a6ff4de407bae3ae5ae main_color avia-section-default avia-no-border-styling  avia-builder-el-5  el_after_av_layout_row  el_before_av_section  avia-bg-style-scroll container_wrap fullsize'  ><div class='container av-section-cont-open' ><div class='template-page content  av-content-full alpha units'><div class='post-entry post-entry-type-page post-entry-995'><div class='entry-content-wrapper clearfix'>\n\n<style type=\"text\/css\" data-created_by=\"avia_inline_auto\" id=\"style-css-av-7w8e1-bcbe59da687fff14c327ef462bcbb72c\">\n.flex_column.av-7w8e1-bcbe59da687fff14c327ef462bcbb72c{\nborder-radius:0px 0px 0px 0px;\npadding:0px 0px 0px 0px;\n}\n<\/style>\n<div  class='flex_column av-7w8e1-bcbe59da687fff14c327ef462bcbb72c av_one_half  avia-builder-el-6  el_before_av_one_half  avia-builder-el-first  first flex_column_div av-zero-column-padding  '     ><p>\n<style type=\"text\/css\" data-created_by=\"avia_inline_auto\" id=\"style-css-av-8isw1-ee989bf96664388ea2d1a3ee472b82b0\">\n#top .av-special-heading.av-8isw1-ee989bf96664388ea2d1a3ee472b82b0{\npadding-bottom:10px;\n}\nbody .av-special-heading.av-8isw1-ee989bf96664388ea2d1a3ee472b82b0 .av-special-heading-tag .heading-char{\nfont-size:25px;\n}\n.av-special-heading.av-8isw1-ee989bf96664388ea2d1a3ee472b82b0 .av-subheading{\nfont-size:15px;\n}\n<\/style>\n<div  class='av-special-heading av-8isw1-ee989bf96664388ea2d1a3ee472b82b0 av-special-heading-h2 blockquote modern-quote  avia-builder-el-7  el_before_av_textblock  avia-builder-el-first '><h2 class='av-special-heading-tag '  itemprop=\"headline\"  >Suivez Galmeline<\/h2><div class='av-subheading av-subheading_below'><p>pour une visite au c\u0153ur de la for\u00eat du Galm<\/p>\n<\/div><div class=\"special-heading-border\"><div class=\"special-heading-inner-border\"><\/div><\/div><\/div><br \/>\n<section  class='av_textblock_section av-khajfh1q-b8f6d32e9247eb0ff5b4e447b09f4286 '   itemscope=\"itemscope\" itemtype=\"https:\/\/schema.org\/CreativeWork\" ><div class='avia_textblock'  itemprop=\"text\" ><p class=\"p1\">Des surprises \u00e0 foison et des aper\u00e7us du monde forestier vous attendent tout au long de la balade dans la for\u00eat domaniale du Galm. Vous ne serez pas seulement spectateur, mais vous aurez \u00e9galement la possibilit\u00e9 de participer, sentir, ressentir !<\/p>\n<\/div><\/section><\/p><\/div>\n<style type=\"text\/css\" data-created_by=\"avia_inline_auto\" id=\"style-css-av-7w8e1-78f9e6c3537f3509369f6b91afc3a1b1\">\n.flex_column.av-7w8e1-78f9e6c3537f3509369f6b91afc3a1b1{\nborder-radius:0px 0px 0px 0px;\npadding:0px 0px 0px 0px;\n}\n<\/style>\n<div  class='flex_column av-7w8e1-78f9e6c3537f3509369f6b91afc3a1b1 av_one_half  avia-builder-el-9  el_after_av_one_half  avia-builder-el-last  flex_column_div av-zero-column-padding  '     ><section  class='av_textblock_section av-khajfh1q-b8f6d32e9247eb0ff5b4e447b09f4286 '   itemscope=\"itemscope\" itemtype=\"https:\/\/schema.org\/CreativeWork\" ><div class='avia_textblock'  itemprop=\"text\" ><p style=\"text-align: left;\"><strong>Longueur:<\/strong> 1.9km<\/p>\n<p style=\"text-align: left;\"><strong>D\u00e9nivel\u00e9:<\/strong> 50m (plat)<\/p>\n<p style=\"text-align: left;\"><strong>Dur\u00e9e:<\/strong> 60 minutes<\/p>\n<p class=\"p1\">Accessible toute l\u2019ann\u00e9e<\/p>\n<\/div><\/section><br \/>\n\n<style type=\"text\/css\" data-created_by=\"avia_inline_auto\" id=\"style-css-av-ki61c7uw-7ac00d17dbbe82d8bff0486f83a5ec1d\">\n#top .hr.hr-invisible.av-ki61c7uw-7ac00d17dbbe82d8bff0486f83a5ec1d{\nheight:30px;\n}\n<\/style>\n<div  class='hr av-ki61c7uw-7ac00d17dbbe82d8bff0486f83a5ec1d hr-invisible  avia-builder-el-11  el_after_av_textblock  el_before_av_button '><span class='hr-inner '><span class=\"hr-inner-style\"><\/span><\/span><\/div><br \/>\n<div  class='avia-button-wrap av-ki61bn7r-1811441beba9c05c1b940bcc7b6a83bd-wrap avia-button-left  avia-builder-el-12  el_after_av_hr  avia-builder-el-last '><a href='https:\/\/goo.gl\/maps\/fPGDNo685DQNCqXC8'  class='avia-button av-ki61bn7r-1811441beba9c05c1b940bcc7b6a83bd av-link-btn avia-icon_select-no avia-size-medium avia-position-left avia-color-theme-color'  target=\"_blank\"  rel=\"noopener noreferrer\"  aria-label=\"Comment trouver Galmeline\"><span class='avia_iconbox_title' >Comment trouver Galmeline<\/span><\/a><\/div><\/p><\/div>\n\n<\/div><\/div><\/div><!-- close content main div --><\/div><\/div><div id='av_section_2'  class='avia-section av-fy549-123006e84aa58a6ff4de407bae3ae5ae main_color avia-section-default avia-no-border-styling  avia-builder-el-13  el_after_av_section  el_before_av_partner  avia-bg-style-scroll container_wrap fullsize'  ><div class='container av-section-cont-open' ><div class='template-page content  av-content-full alpha units'><div class='post-entry post-entry-type-page post-entry-995'><div class='entry-content-wrapper clearfix'>\n\n<style type=\"text\/css\" data-created_by=\"avia_inline_auto\" id=\"style-css-av-ki61g86m-d1b9811a85211bbd776a9439966e95fe\">\n#top .av-special-heading.av-ki61g86m-d1b9811a85211bbd776a9439966e95fe{\npadding-bottom:10px;\n}\nbody .av-special-heading.av-ki61g86m-d1b9811a85211bbd776a9439966e95fe .av-special-heading-tag .heading-char{\nfont-size:25px;\n}\n.av-special-heading.av-ki61g86m-d1b9811a85211bbd776a9439966e95fe .av-subheading{\nfont-size:15px;\n}\n<\/style>\n<div  class='av-special-heading av-ki61g86m-d1b9811a85211bbd776a9439966e95fe av-special-heading-h2 blockquote modern-quote  avia-builder-el-14  el_before_av_one_full  avia-builder-el-first '><h2 class='av-special-heading-tag '  itemprop=\"headline\"  >Les postes<\/h2><div class=\"special-heading-border\"><div class=\"special-heading-inner-border\"><\/div><\/div><\/div>\n\n<style type=\"text\/css\" data-created_by=\"avia_inline_auto\" id=\"style-css-av-7w8e1-cd6ad41daff268d8c2ac5bf1a175d97d\">\n.flex_column.av-7w8e1-cd6ad41daff268d8c2ac5bf1a175d97d{\nborder-radius:0px 0px 0px 0px;\npadding:200px 0px 300px 0px;\n}\n<\/style>\n<div  class='flex_column av-7w8e1-cd6ad41daff268d8c2ac5bf1a175d97d av_one_full  avia-builder-el-15  el_after_av_heading  avia-builder-el-last  first flex_column_div  '     ><style type=\"text\/css\" data-created_by=\"avia_inline_auto\" id=\"style-css-av-kowyfu7p-e15f69e2cb4cadea4bacc3ee69164814\">\n.avia-image-container.av-kowyfu7p-e15f69e2cb4cadea4bacc3ee69164814 img.avia_image{\nbox-shadow:none;\n}\n.avia-image-container.av-kowyfu7p-e15f69e2cb4cadea4bacc3ee69164814 .av-image-caption-overlay-center{\ncolor:#ffffff;\n}\n<\/style>\n<div  class='avia-image-container av-kowyfu7p-e15f69e2cb4cadea4bacc3ee69164814 av-styling- avia-align-center  avia-builder-el-16  avia-builder-el-no-sibling '   itemprop=\"image\" itemscope=\"itemscope\" itemtype=\"https:\/\/schema.org\/ImageObject\" ><div class=\"avia-image-container-inner\"><div class=\"avia-image-overlay-wrap\"><img decoding=\"async\" fetchpriority=\"high\" class='wp-image-1124 avia-img-lazy-loading-not-1124 avia_image ' src=\"https:\/\/galm-murtensee.ch\/wp-content\/uploads\/2021\/05\/Sentier_de_Galmeline_PLAN_FR-scaled.png\" alt='' title='Sentier_de_Galmeline_PLAN_FR'  height=\"1887\" width=\"2560\"  itemprop=\"thumbnailUrl\" srcset=\"https:\/\/galm-murtensee.ch\/wp-content\/uploads\/2021\/05\/Sentier_de_Galmeline_PLAN_FR-scaled.png 2560w, https:\/\/galm-murtensee.ch\/wp-content\/uploads\/2021\/05\/Sentier_de_Galmeline_PLAN_FR-1200x884.png 1200w, https:\/\/galm-murtensee.ch\/wp-content\/uploads\/2021\/05\/Sentier_de_Galmeline_PLAN_FR-300x221.png 300w, https:\/\/galm-murtensee.ch\/wp-content\/uploads\/2021\/05\/Sentier_de_Galmeline_PLAN_FR-1030x759.png 1030w, https:\/\/galm-murtensee.ch\/wp-content\/uploads\/2021\/05\/Sentier_de_Galmeline_PLAN_FR-768x566.png 768w, https:\/\/galm-murtensee.ch\/wp-content\/uploads\/2021\/05\/Sentier_de_Galmeline_PLAN_FR-1536x1132.png 1536w, https:\/\/galm-murtensee.ch\/wp-content\/uploads\/2021\/05\/Sentier_de_Galmeline_PLAN_FR-2048x1509.png 2048w, https:\/\/galm-murtensee.ch\/wp-content\/uploads\/2021\/05\/Sentier_de_Galmeline_PLAN_FR-1500x1106.png 1500w, https:\/\/galm-murtensee.ch\/wp-content\/uploads\/2021\/05\/Sentier_de_Galmeline_PLAN_FR-705x520.png 705w\" sizes=\"(max-width: 2560px) 100vw, 2560px\" \/><\/div><\/div><\/div><\/div><\/div><\/div><\/div><!-- close content main div --><\/div><\/div><div id='after_section_2'  class='main_color av_default_container_wrap container_wrap fullsize'  ><div class='container av-section-cont-open' ><div class='template-page content  av-content-full alpha units'><div class='post-entry post-entry-type-page post-entry-995'><div class='entry-content-wrapper clearfix'><div  class='avia-logo-element-container av-ki60xh6o-7f39b9c12ba045972c5679eb3e5aa992 av-border-deactivate avia-logo-grid avia-content-slider avia-smallarrow-slider avia-content-grid-active noHover avia-content-slider-odd  avia-builder-el-17  el_after_av_section  el_before_av_section  avia-builder-el-no-sibling  avia-content-slider1' ><div class='avia-smallarrow-slider-heading  no-logo-slider-heading '><div class='new-special-heading'>&nbsp;<\/div><\/div><div class=\"avia-content-slider-inner\"><div class=\"slide-entry-wrap\"><div  class='slide-entry av-voy7l-5801ba5a02548afd86835602884c2242 flex_column no_margin av_one_fifth real-thumbnail post-entry slide-entry-overview slide-loop-1 slide-parity-odd  first'><img decoding=\"async\" fetchpriority=\"high\" width=\"300\" height=\"100\" src=\"https:\/\/galm-murtensee.ch\/wp-content\/uploads\/2020\/12\/logos_0004_Vector-Smart-Object-1.png\" class=\"wp-image-869 avia-img-lazy-loading-not-869 attachment-no scaling size-no scaling\" alt=\"\" \/><\/div><div  class='slide-entry av-s43bl-30b40c213e7935dabe9f975dd27ed77b flex_column no_margin av_one_fifth real-thumbnail post-entry slide-entry-overview slide-loop-2 slide-parity-even  '><img decoding=\"async\" fetchpriority=\"high\" width=\"300\" height=\"100\" src=\"https:\/\/galm-murtensee.ch\/wp-content\/uploads\/2020\/12\/logos_0003_Vector-Smart-Object-1.png\" class=\"wp-image-870 avia-img-lazy-loading-not-870 attachment-no scaling size-no scaling\" alt=\"\" \/><\/div><div  class='slide-entry av-joohd-17e5069b2d733820fe919ae2948f820a flex_column no_margin av_one_fifth real-thumbnail post-entry slide-entry-overview slide-loop-3 slide-parity-odd  '><img decoding=\"async\" fetchpriority=\"high\" width=\"300\" height=\"100\" src=\"https:\/\/galm-murtensee.ch\/wp-content\/uploads\/2020\/12\/logos_0002_Vector-Smart-Object-1.png\" class=\"wp-image-871 avia-img-lazy-loading-not-871 attachment-no scaling size-no scaling\" alt=\"\" \/><\/div><div  class='slide-entry av-eqnj5-4a7b7e73d31c94c3057fc35abb809d38 flex_column no_margin av_one_fifth real-thumbnail post-entry slide-entry-overview slide-loop-4 slide-parity-even  '><img decoding=\"async\" fetchpriority=\"high\" width=\"300\" height=\"100\" src=\"https:\/\/galm-murtensee.ch\/wp-content\/uploads\/2020\/12\/logos_0001_Vector-Smart-Object-1.png\" class=\"wp-image-872 avia-img-lazy-loading-not-872 attachment-no scaling size-no scaling\" alt=\"\" \/><\/div><div  class='slide-entry av-143t5-af9ce88e5eb5107c9fe93d5b3c5a1ae6 flex_column no_margin av_one_fifth real-thumbnail post-entry slide-entry-overview slide-loop-5 slide-parity-odd post-entry-last '><img decoding=\"async\" fetchpriority=\"high\" width=\"300\" height=\"100\" src=\"https:\/\/galm-murtensee.ch\/wp-content\/uploads\/2020\/12\/logos_0000_Vector-Smart-Object-1.png\" class=\"wp-image-873 avia-img-lazy-loading-not-873 attachment-no scaling size-no scaling\" alt=\"\" \/><\/div><\/div><\/div><\/div><\/p>\n<\/div><\/div><\/div><!-- close content main div --><\/div><\/div>\n<style type=\"text\/css\" data-created_by=\"avia_inline_auto\" id=\"style-css-av-kh6i84ip-bb8a488b55bb13fb028f84e560cca500\">\n.avia-section.av-kh6i84ip-bb8a488b55bb13fb028f84e560cca500 .av-parallax .av-parallax-inner{\nbackground-repeat:no-repeat;\nbackground-image:url(https:\/\/galm-murtensee.ch\/wp-content\/uploads\/2020\/12\/galm-back.jpg);\nbackground-position:0% 0%;\nbackground-attachment:scroll;\n}\n<\/style>\n<div id='av_section_3'  class='avia-section av-kh6i84ip-bb8a488b55bb13fb028f84e560cca500 main_color avia-section-default avia-no-border-styling  avia-builder-el-18  el_after_av_partner  avia-builder-el-last  avia-full-stretch av-parallax-section avia-bg-style-parallax container_wrap fullsize'  data-section-bg-repeat='stretch'><div class='av-parallax' data-avia-parallax-ratio='0.3' ><div class='av-parallax-inner main_color avia-full-stretch'><\/div><\/div><div class='container av-section-cont-open' ><div class='template-page content  av-content-full alpha units'><div class='post-entry post-entry-type-page post-entry-995'><div class='entry-content-wrapper clearfix'>\n\n<style type=\"text\/css\" data-created_by=\"avia_inline_auto\" id=\"style-css-av-v0rt-c71b6ff134f11e66094e0de37c4613dd\">\n.flex_column.av-v0rt-c71b6ff134f11e66094e0de37c4613dd{\nborder-radius:0px 0px 0px 0px;\npadding:50px 50px 50px 50px;\nbackground-color:rgba(255,255,255,0.84);\n}\n<\/style>\n<div  class='flex_column av-v0rt-c71b6ff134f11e66094e0de37c4613dd av_one_half  avia-builder-el-19  avia-builder-el-no-sibling  first flex_column_div  '     ><p>\n<style type=\"text\/css\" data-created_by=\"avia_inline_auto\" id=\"style-css-av-8ald5-ae781b93654010a8828c96220320b700\">\n#top .av-special-heading.av-8ald5-ae781b93654010a8828c96220320b700{\npadding-bottom:10px;\n}\nbody .av-special-heading.av-8ald5-ae781b93654010a8828c96220320b700 .av-special-heading-tag .heading-char{\nfont-size:25px;\n}\n.av-special-heading.av-8ald5-ae781b93654010a8828c96220320b700 .av-subheading{\nfont-size:15px;\n}\n<\/style>\n<div  class='av-special-heading av-8ald5-ae781b93654010a8828c96220320b700 av-special-heading-h2 blockquote modern-quote  avia-builder-el-20  el_before_av_textblock  avia-builder-el-first '><h2 class='av-special-heading-tag '  itemprop=\"headline\"  >L\u2019histoire de la for\u00eat du Galm<\/h2><div class=\"special-heading-border\"><div class=\"special-heading-inner-border\"><\/div><\/div><\/div><br \/>\n<section  class='av_textblock_section av-khajfh1q-b8f6d32e9247eb0ff5b4e447b09f4286 '   itemscope=\"itemscope\" itemtype=\"https:\/\/schema.org\/CreativeWork\" ><div class='avia_textblock'  itemprop=\"text\" ><p>Par l&rsquo;Acte de M\u00e9diation, Napol\u00e9on Bonaparte attribue le Galmwald au canton de Fribourg en 1803. Elle est ainsi devenue une for\u00eat domaniale et finalement unique en Suisse. \u00c0 ce jour, la zone n&rsquo;a \u00e9t\u00e9 attribu\u00e9e \u00e0 aucune municipalit\u00e9.<\/p>\n<\/div><\/section><\/p><\/div>\n\n","protected":false},"excerpt":{"rendered":"","protected":false},"author":2,"featured_media":0,"parent":0,"menu_order":0,"comment_status":"closed","ping_status":"closed","template":"","meta":{"footnotes":""},"class_list":["post-995","page","type-page","status-publish","hentry"],"_links":{"self":[{"href":"https:\/\/galm-murtensee.ch\/fr\/wp-json\/wp\/v2\/pages\/995","targetHints":{"allow":["GET"]}}],"collection":[{"href":"https:\/\/galm-murtensee.ch\/fr\/wp-json\/wp\/v2\/pages"}],"about":[{"href":"https:\/\/galm-murtensee.ch\/fr\/wp-json\/wp\/v2\/types\/page"}],"author":[{"embeddable":true,"href":"https:\/\/galm-murtensee.ch\/fr\/wp-json\/wp\/v2\/users\/2"}],"replies":[{"embeddable":true,"href":"https:\/\/galm-murtensee.ch\/fr\/wp-json\/wp\/v2\/comments?post=995"}],"version-history":[{"count":5,"href":"https:\/\/galm-murtensee.ch\/fr\/wp-json\/wp\/v2\/pages\/995\/revisions"}],"predecessor-version":[{"id":1127,"href":"https:\/\/galm-murtensee.ch\/fr\/wp-json\/wp\/v2\/pages\/995\/revisions\/1127"}],"wp:attachment":[{"href":"https:\/\/galm-murtensee.ch\/fr\/wp-json\/wp\/v2\/media?parent=995"}],"curies":[{"name":"wp","href":"https:\/\/api.w.org\/{rel}","templated":true}]}}