{"id":1164,"date":"2021-02-03T09:21:23","date_gmt":"2021-02-03T08:21:23","guid":{"rendered":"https:\/\/galm-murtensee.ch\/products\/bois-a-bruler-bois-resineux-frais\/"},"modified":"2025-09-17T08:51:17","modified_gmt":"2025-09-17T06:51:17","slug":"bois-de-feu-resineux-frais","status":"publish","type":"product","link":"https:\/\/galm-murtensee.ch\/fr\/products\/bois-de-feu-resineux-frais\/","title":{"rendered":"Bois de feu r\u00e9sineux \u2013 frais"},"content":{"rendered":"","protected":false},"excerpt":{"rendered":"<p><strong>Nous ne proposons plus nous-m\u00eames de bois de chauffage frais et fendu.<\/strong><\/p>\n<p>Nous vous renvoyons volontiers \u00e0 notre partenaire, la soci\u00e9t\u00e9 Liniger Holz \u00e0 Courlevon.<br \/>\nwww.liniger-holz.ch | 079 329 85 82 | <a href=\"mailto:linigerreto@bluewin.ch\">linigerreto@bluewin.ch<\/a><\/p>\n<p>Vous pouvez toujours commander facilement du bois de chauffage sec et du bois de chauffage \u00ab long \u00bb dans notre boutique.<\/p>\n","protected":false},"featured_media":904,"template":"","meta":[],"product_brand":[],"product_cat":[36],"product_tag":[],"class_list":{"0":"post-1164","1":"product","2":"type-product","3":"status-publish","4":"has-post-thumbnail","6":"product_cat-bois-a-bruler","7":"tm-has-options","9":"first","10":"outofstock","11":"shipping-taxable","12":"purchasable","13":"product-type-simple"},"_links":{"self":[{"href":"https:\/\/galm-murtensee.ch\/fr\/wp-json\/wp\/v2\/product\/1164","targetHints":{"allow":["GET"]}}],"collection":[{"href":"https:\/\/galm-murtensee.ch\/fr\/wp-json\/wp\/v2\/product"}],"about":[{"href":"https:\/\/galm-murtensee.ch\/fr\/wp-json\/wp\/v2\/types\/product"}],"wp:featuredmedia":[{"embeddable":true,"href":"https:\/\/galm-murtensee.ch\/fr\/wp-json\/wp\/v2\/media\/904"}],"wp:attachment":[{"href":"https:\/\/galm-murtensee.ch\/fr\/wp-json\/wp\/v2\/media?parent=1164"}],"wp:term":[{"taxonomy":"product_brand","embeddable":true,"href":"https:\/\/galm-murtensee.ch\/fr\/wp-json\/wp\/v2\/product_brand?post=1164"},{"taxonomy":"product_cat","embeddable":true,"href":"https:\/\/galm-murtensee.ch\/fr\/wp-json\/wp\/v2\/product_cat?post=1164"},{"taxonomy":"product_tag","embeddable":true,"href":"https:\/\/galm-murtensee.ch\/fr\/wp-json\/wp\/v2\/product_tag?post=1164"}],"curies":[{"name":"wp","href":"https:\/\/api.w.org\/{rel}","templated":true}]}}