{"id":1165,"date":"2021-02-03T09:16:15","date_gmt":"2021-02-03T08:16:15","guid":{"rendered":"https:\/\/galm-murtensee.ch\/products\/bois-a-bruler-hetre-frene-sec\/"},"modified":"2026-01-13T08:17:12","modified_gmt":"2026-01-13T07:17:12","slug":"bois-de-feu-hetre-frene-sec","status":"publish","type":"product","link":"https:\/\/galm-murtensee.ch\/fr\/products\/bois-de-feu-hetre-frene-sec\/","title":{"rendered":"Bois de feu h\u00eatre \u2013 fr\u00eane, sec"},"content":{"rendered":"","protected":false},"excerpt":{"rendered":"<h3>Rupture de stock, disponible \u00e0 nouveau \u00e0 partir du 1er juin 2026<\/h3>\n<p><strong>Unit\u00e9: <\/strong>st\u00e8re<\/p>\n<p><strong>Transformation: <\/strong>quartiers<\/p>\n<p class=\"p1\"><strong>Livraison:<\/strong> \u00e0 port de camion<\/p>\n","protected":false},"featured_media":888,"template":"","meta":[],"product_brand":[],"product_cat":[36],"product_tag":[],"class_list":{"0":"post-1165","1":"product","2":"type-product","3":"status-publish","4":"has-post-thumbnail","6":"product_cat-bois-a-bruler","7":"tm-has-options","9":"first","10":"outofstock","11":"shipping-taxable","12":"purchasable","13":"product-type-simple"},"_links":{"self":[{"href":"https:\/\/galm-murtensee.ch\/fr\/wp-json\/wp\/v2\/product\/1165","targetHints":{"allow":["GET"]}}],"collection":[{"href":"https:\/\/galm-murtensee.ch\/fr\/wp-json\/wp\/v2\/product"}],"about":[{"href":"https:\/\/galm-murtensee.ch\/fr\/wp-json\/wp\/v2\/types\/product"}],"wp:featuredmedia":[{"embeddable":true,"href":"https:\/\/galm-murtensee.ch\/fr\/wp-json\/wp\/v2\/media\/888"}],"wp:attachment":[{"href":"https:\/\/galm-murtensee.ch\/fr\/wp-json\/wp\/v2\/media?parent=1165"}],"wp:term":[{"taxonomy":"product_brand","embeddable":true,"href":"https:\/\/galm-murtensee.ch\/fr\/wp-json\/wp\/v2\/product_brand?post=1165"},{"taxonomy":"product_cat","embeddable":true,"href":"https:\/\/galm-murtensee.ch\/fr\/wp-json\/wp\/v2\/product_cat?post=1165"},{"taxonomy":"product_tag","embeddable":true,"href":"https:\/\/galm-murtensee.ch\/fr\/wp-json\/wp\/v2\/product_tag?post=1165"}],"curies":[{"name":"wp","href":"https:\/\/api.w.org\/{rel}","templated":true}]}}