{"id":1166,"date":"2021-01-05T17:13:31","date_gmt":"2021-01-05T16:13:31","guid":{"rendered":"https:\/\/galm-murtensee.ch\/products\/bois-a-bruler-hetre-frene\/"},"modified":"2025-09-17T08:52:06","modified_gmt":"2025-09-17T06:52:06","slug":"bois-de-feu-hetre-frene-frais","status":"publish","type":"product","link":"https:\/\/galm-murtensee.ch\/fr\/products\/bois-de-feu-hetre-frene-frais\/","title":{"rendered":"Bois de feu h\u00eatre \u2013 fr\u00eane, frais"},"content":{"rendered":"","protected":false},"excerpt":{"rendered":"<p>Nous ne proposons plus nous-m\u00eames de bois de chauffage frais et fendu.<\/p>\n<p>Nous vous renvoyons volontiers \u00e0 notre partenaire, la soci\u00e9t\u00e9 Liniger Holz \u00e0 Courlevon.<br \/>\nwww.liniger-holz.ch | 079 329 85 82 | <a href=\"mailto:linigerreto@bluewin.ch\">linigerreto@bluewin.ch<\/a><\/p>\n<p>Vous pouvez toujours commander facilement du bois de chauffage sec et du bois de chauffage \u00ab long \u00bb dans notre boutique.<\/p>\n","protected":false},"featured_media":889,"template":"","meta":[],"product_brand":[],"product_cat":[36],"product_tag":[],"class_list":{"0":"post-1166","1":"product","2":"type-product","3":"status-publish","4":"has-post-thumbnail","6":"product_cat-bois-a-bruler","7":"tm-has-options","9":"first","10":"outofstock","11":"shipping-taxable","12":"purchasable","13":"product-type-simple"},"_links":{"self":[{"href":"https:\/\/galm-murtensee.ch\/fr\/wp-json\/wp\/v2\/product\/1166","targetHints":{"allow":["GET"]}}],"collection":[{"href":"https:\/\/galm-murtensee.ch\/fr\/wp-json\/wp\/v2\/product"}],"about":[{"href":"https:\/\/galm-murtensee.ch\/fr\/wp-json\/wp\/v2\/types\/product"}],"wp:featuredmedia":[{"embeddable":true,"href":"https:\/\/galm-murtensee.ch\/fr\/wp-json\/wp\/v2\/media\/889"}],"wp:attachment":[{"href":"https:\/\/galm-murtensee.ch\/fr\/wp-json\/wp\/v2\/media?parent=1166"}],"wp:term":[{"taxonomy":"product_brand","embeddable":true,"href":"https:\/\/galm-murtensee.ch\/fr\/wp-json\/wp\/v2\/product_brand?post=1166"},{"taxonomy":"product_cat","embeddable":true,"href":"https:\/\/galm-murtensee.ch\/fr\/wp-json\/wp\/v2\/product_cat?post=1166"},{"taxonomy":"product_tag","embeddable":true,"href":"https:\/\/galm-murtensee.ch\/fr\/wp-json\/wp\/v2\/product_tag?post=1166"}],"curies":[{"name":"wp","href":"https:\/\/api.w.org\/{rel}","templated":true}]}}